{"id":1275,"date":"2024-03-15T12:42:50","date_gmt":"2024-03-15T12:42:50","guid":{"rendered":"http:\/\/gspa.pt\/?post_type=product&#038;p=1275"},"modified":"2026-01-22T10:53:05","modified_gmt":"2026-01-22T10:53:05","slug":"littlestar-ritual","status":"publish","type":"product","link":"https:\/\/gspa.pt\/en\/produto\/littlestar-ritual\/","title":{"rendered":"Little Star Ritual"},"content":{"rendered":"","protected":false},"excerpt":{"rendered":"<p>Ritual de massagem para crian\u00e7as com uma hidrata\u00e7\u00e3o facial -40min (<u>V\u00e1lido<\/u><u> para <\/u><u>crian\u00e7as<\/u><u> entre 3 e 12 <\/u><u>anos<\/u>)<\/p>\n","protected":false},"featured_media":2726,"comment_status":"open","ping_status":"closed","template":"","meta":{"inline_featured_image":false},"product_brand":[],"product_cat":[48],"product_tag":[],"class_list":{"0":"post-1275","1":"product","2":"type-product","3":"status-publish","4":"has-post-thumbnail","6":"product_cat-rituals","8":"first","9":"instock","10":"downloadable","11":"virtual","12":"purchasable","13":"product-type-simple"},"acf":[],"yoast_head":"<!-- This site is optimized with the Yoast SEO plugin v26.4 - https:\/\/yoast.com\/wordpress\/plugins\/seo\/ -->\n<title>Little Star Ritual - Gspa<\/title>\n<meta name=\"robots\" content=\"index, follow, max-snippet:-1, max-image-preview:large, max-video-preview:-1\" \/>\n<link rel=\"canonical\" href=\"https:\/\/gspa.pt\/produto\/littlestar-ritual\/\" \/>\n<meta property=\"og:locale\" content=\"en_US\" \/>\n<meta property=\"og:type\" content=\"article\" \/>\n<meta property=\"og:title\" content=\"Little Star Ritual - Gspa\" \/>\n<meta property=\"og:description\" content=\"Ritual de massagem para crian\u00e7as com uma hidrata\u00e7\u00e3o facial -40min (V\u00e1lido para crian\u00e7as entre 3 e 12 anos)\" \/>\n<meta property=\"og:url\" content=\"https:\/\/gspa.pt\/produto\/littlestar-ritual\/\" \/>\n<meta property=\"og:site_name\" content=\"Gspa\" \/>\n<meta property=\"article:modified_time\" content=\"2026-01-22T10:53:05+00:00\" \/>\n<meta property=\"og:image\" content=\"https:\/\/gspa.pt\/wp-content\/uploads\/2024\/03\/happy-woman-having-hot-stone-massage-1.jpg\" \/>\n\t<meta property=\"og:image:width\" content=\"600\" \/>\n\t<meta property=\"og:image:height\" content=\"400\" \/>\n\t<meta property=\"og:image:type\" content=\"image\/jpeg\" \/>\n<meta name=\"twitter:card\" content=\"summary_large_image\" \/>\n<meta name=\"twitter:label1\" content=\"Est. reading time\" \/>\n\t<meta name=\"twitter:data1\" content=\"1 minute\" \/>\n<script type=\"application\/ld+json\" class=\"yoast-schema-graph\">{\"@context\":\"https:\/\/schema.org\",\"@graph\":[{\"@type\":\"WebPage\",\"@id\":\"https:\/\/gspa.pt\/produto\/littlestar-ritual\/\",\"url\":\"https:\/\/gspa.pt\/produto\/littlestar-ritual\/\",\"name\":\"Little Star Ritual - Gspa\",\"isPartOf\":{\"@id\":\"https:\/\/gspa.pt\/#website\"},\"primaryImageOfPage\":{\"@id\":\"https:\/\/gspa.pt\/produto\/littlestar-ritual\/#primaryimage\"},\"image\":{\"@id\":\"https:\/\/gspa.pt\/produto\/littlestar-ritual\/#primaryimage\"},\"thumbnailUrl\":\"https:\/\/gspa.pt\/wp-content\/uploads\/2024\/03\/happy-woman-having-hot-stone-massage-1.jpg\",\"datePublished\":\"2024-03-15T12:42:50+00:00\",\"dateModified\":\"2026-01-22T10:53:05+00:00\",\"breadcrumb\":{\"@id\":\"https:\/\/gspa.pt\/produto\/littlestar-ritual\/#breadcrumb\"},\"inLanguage\":\"en-US\",\"potentialAction\":[{\"@type\":\"ReadAction\",\"target\":[\"https:\/\/gspa.pt\/produto\/littlestar-ritual\/\"]}]},{\"@type\":\"ImageObject\",\"inLanguage\":\"en-US\",\"@id\":\"https:\/\/gspa.pt\/produto\/littlestar-ritual\/#primaryimage\",\"url\":\"https:\/\/gspa.pt\/wp-content\/uploads\/2024\/03\/happy-woman-having-hot-stone-massage-1.jpg\",\"contentUrl\":\"https:\/\/gspa.pt\/wp-content\/uploads\/2024\/03\/happy-woman-having-hot-stone-massage-1.jpg\",\"width\":600,\"height\":400},{\"@type\":\"BreadcrumbList\",\"@id\":\"https:\/\/gspa.pt\/produto\/littlestar-ritual\/#breadcrumb\",\"itemListElement\":[{\"@type\":\"ListItem\",\"position\":1,\"name\":\"In\u00edcio\",\"item\":\"https:\/\/gspa.pt\/\"},{\"@type\":\"ListItem\",\"position\":2,\"name\":\"Treatments\",\"item\":\"https:\/\/gspa.pt\/tratamentos\/\"},{\"@type\":\"ListItem\",\"position\":3,\"name\":\"Little Star Ritual\"}]},{\"@type\":\"WebSite\",\"@id\":\"https:\/\/gspa.pt\/#website\",\"url\":\"https:\/\/gspa.pt\/\",\"name\":\"Gspa\",\"description\":\"\",\"publisher\":{\"@id\":\"https:\/\/gspa.pt\/#organization\"},\"potentialAction\":[{\"@type\":\"SearchAction\",\"target\":{\"@type\":\"EntryPoint\",\"urlTemplate\":\"https:\/\/gspa.pt\/?s={search_term_string}\"},\"query-input\":{\"@type\":\"PropertyValueSpecification\",\"valueRequired\":true,\"valueName\":\"search_term_string\"}}],\"inLanguage\":\"en-US\"},{\"@type\":\"Organization\",\"@id\":\"https:\/\/gspa.pt\/#organization\",\"name\":\"Gspa\",\"url\":\"https:\/\/gspa.pt\/\",\"logo\":{\"@type\":\"ImageObject\",\"inLanguage\":\"en-US\",\"@id\":\"https:\/\/gspa.pt\/#\/schema\/logo\/image\/\",\"url\":\"https:\/\/gspa.pt\/wp-content\/uploads\/2024\/02\/Logo_white-1.png\",\"contentUrl\":\"https:\/\/gspa.pt\/wp-content\/uploads\/2024\/02\/Logo_white-1.png\",\"width\":206,\"height\":100,\"caption\":\"Gspa\"},\"image\":{\"@id\":\"https:\/\/gspa.pt\/#\/schema\/logo\/image\/\"}}]}<\/script>\n<!-- \/ Yoast SEO plugin. -->","yoast_head_json":{"title":"Little Star Ritual - Gspa","robots":{"index":"index","follow":"follow","max-snippet":"max-snippet:-1","max-image-preview":"max-image-preview:large","max-video-preview":"max-video-preview:-1"},"canonical":"https:\/\/gspa.pt\/produto\/littlestar-ritual\/","og_locale":"en_US","og_type":"article","og_title":"Little Star Ritual - Gspa","og_description":"Ritual de massagem para crian\u00e7as com uma hidrata\u00e7\u00e3o facial -40min (V\u00e1lido para crian\u00e7as entre 3 e 12 anos)","og_url":"https:\/\/gspa.pt\/produto\/littlestar-ritual\/","og_site_name":"Gspa","article_modified_time":"2026-01-22T10:53:05+00:00","og_image":[{"width":600,"height":400,"url":"https:\/\/gspa.pt\/wp-content\/uploads\/2024\/03\/happy-woman-having-hot-stone-massage-1.jpg","type":"image\/jpeg"}],"twitter_card":"summary_large_image","twitter_misc":{"Est. reading time":"1 minute"},"schema":{"@context":"https:\/\/schema.org","@graph":[{"@type":"WebPage","@id":"https:\/\/gspa.pt\/produto\/littlestar-ritual\/","url":"https:\/\/gspa.pt\/produto\/littlestar-ritual\/","name":"Little Star Ritual - Gspa","isPartOf":{"@id":"https:\/\/gspa.pt\/#website"},"primaryImageOfPage":{"@id":"https:\/\/gspa.pt\/produto\/littlestar-ritual\/#primaryimage"},"image":{"@id":"https:\/\/gspa.pt\/produto\/littlestar-ritual\/#primaryimage"},"thumbnailUrl":"https:\/\/gspa.pt\/wp-content\/uploads\/2024\/03\/happy-woman-having-hot-stone-massage-1.jpg","datePublished":"2024-03-15T12:42:50+00:00","dateModified":"2026-01-22T10:53:05+00:00","breadcrumb":{"@id":"https:\/\/gspa.pt\/produto\/littlestar-ritual\/#breadcrumb"},"inLanguage":"en-US","potentialAction":[{"@type":"ReadAction","target":["https:\/\/gspa.pt\/produto\/littlestar-ritual\/"]}]},{"@type":"ImageObject","inLanguage":"en-US","@id":"https:\/\/gspa.pt\/produto\/littlestar-ritual\/#primaryimage","url":"https:\/\/gspa.pt\/wp-content\/uploads\/2024\/03\/happy-woman-having-hot-stone-massage-1.jpg","contentUrl":"https:\/\/gspa.pt\/wp-content\/uploads\/2024\/03\/happy-woman-having-hot-stone-massage-1.jpg","width":600,"height":400},{"@type":"BreadcrumbList","@id":"https:\/\/gspa.pt\/produto\/littlestar-ritual\/#breadcrumb","itemListElement":[{"@type":"ListItem","position":1,"name":"In\u00edcio","item":"https:\/\/gspa.pt\/"},{"@type":"ListItem","position":2,"name":"Treatments","item":"https:\/\/gspa.pt\/tratamentos\/"},{"@type":"ListItem","position":3,"name":"Little Star Ritual"}]},{"@type":"WebSite","@id":"https:\/\/gspa.pt\/#website","url":"https:\/\/gspa.pt\/","name":"Gspa","description":"","publisher":{"@id":"https:\/\/gspa.pt\/#organization"},"potentialAction":[{"@type":"SearchAction","target":{"@type":"EntryPoint","urlTemplate":"https:\/\/gspa.pt\/?s={search_term_string}"},"query-input":{"@type":"PropertyValueSpecification","valueRequired":true,"valueName":"search_term_string"}}],"inLanguage":"en-US"},{"@type":"Organization","@id":"https:\/\/gspa.pt\/#organization","name":"Gspa","url":"https:\/\/gspa.pt\/","logo":{"@type":"ImageObject","inLanguage":"en-US","@id":"https:\/\/gspa.pt\/#\/schema\/logo\/image\/","url":"https:\/\/gspa.pt\/wp-content\/uploads\/2024\/02\/Logo_white-1.png","contentUrl":"https:\/\/gspa.pt\/wp-content\/uploads\/2024\/02\/Logo_white-1.png","width":206,"height":100,"caption":"Gspa"},"image":{"@id":"https:\/\/gspa.pt\/#\/schema\/logo\/image\/"}}]}},"_links":{"self":[{"href":"https:\/\/gspa.pt\/en\/wp-json\/wp\/v2\/product\/1275","targetHints":{"allow":["GET"]}}],"collection":[{"href":"https:\/\/gspa.pt\/en\/wp-json\/wp\/v2\/product"}],"about":[{"href":"https:\/\/gspa.pt\/en\/wp-json\/wp\/v2\/types\/product"}],"replies":[{"embeddable":true,"href":"https:\/\/gspa.pt\/en\/wp-json\/wp\/v2\/comments?post=1275"}],"wp:featuredmedia":[{"embeddable":true,"href":"https:\/\/gspa.pt\/en\/wp-json\/wp\/v2\/media\/2726"}],"wp:attachment":[{"href":"https:\/\/gspa.pt\/en\/wp-json\/wp\/v2\/media?parent=1275"}],"wp:term":[{"taxonomy":"product_brand","embeddable":true,"href":"https:\/\/gspa.pt\/en\/wp-json\/wp\/v2\/product_brand?post=1275"},{"taxonomy":"product_cat","embeddable":true,"href":"https:\/\/gspa.pt\/en\/wp-json\/wp\/v2\/product_cat?post=1275"},{"taxonomy":"product_tag","embeddable":true,"href":"https:\/\/gspa.pt\/en\/wp-json\/wp\/v2\/product_tag?post=1275"}],"curies":[{"name":"wp","href":"https:\/\/api.w.org\/{rel}","templated":true}]}}