{"id":3509,"date":"2026-02-23T16:26:34","date_gmt":"2026-02-23T16:26:34","guid":{"rendered":"https:\/\/gspa.pt\/?post_type=product&#038;p=3509"},"modified":"2026-02-23T16:46:26","modified_gmt":"2026-02-23T16:46:26","slug":"spring-break","status":"publish","type":"product","link":"https:\/\/gspa.pt\/en\/produto\/spring-break\/","title":{"rendered":"Spring Break"},"content":{"rendered":"<p>Esfolia\u00e7\u00e3o corporal e tratamento facial kobido 70min<\/p>\n","protected":false},"excerpt":{"rendered":"<p data-start=\"181\" data-end=\"442\">O programa <strong data-start=\"192\" data-end=\"208\">Spring Break<\/strong> foi concebido para despertar a pele e revitalizar os sentidos, combinando um exclusivo <strong data-start=\"296\" data-end=\"313\">facial Kobido<\/strong> com uma envolvente <strong data-start=\"333\" data-end=\"356\">esfolia\u00e7\u00e3o corporal<\/strong>, num tratamento de 70 minutos que promove luminosidade, firmeza e renova\u00e7\u00e3o profunda.<\/p>\n<p data-start=\"639\" data-end=\"713\">O momento ideal para cuidar de si ou para oferecer como presente especial.<\/p>\n<p data-start=\"715\" data-end=\"845\"><strong data-start=\"715\" data-end=\"724\">Nota:<\/strong> Marca\u00e7\u00f5es sujeitas a disponibilidade. Reserve o seu momento ou adquira como voucher de oferta. Voucher v\u00e1lido por 1 ano.<\/p>\n","protected":false},"featured_media":3510,"comment_status":"closed","ping_status":"closed","template":"","meta":{"inline_featured_image":false},"product_brand":[],"product_cat":[93],"product_tag":[],"class_list":{"0":"post-3509","1":"product","2":"type-product","3":"status-publish","4":"has-post-thumbnail","6":"product_cat-promocoes","8":"first","9":"instock","10":"downloadable","11":"virtual","12":"purchasable","13":"product-type-simple"},"acf":[],"yoast_head":"<!-- This site is optimized with the Yoast SEO plugin v26.4 - https:\/\/yoast.com\/wordpress\/plugins\/seo\/ -->\n<title>Spring Break - Gspa<\/title>\n<meta name=\"description\" content=\"Programa Spring Break Spa com facial Kobido e esfolia\u00e7\u00e3o corporal (70 min). Inclui 3h de circuito de spa. Experi\u00eancia revitalizante ou voucher oferta.\" \/>\n<meta name=\"robots\" content=\"index, follow, max-snippet:-1, max-image-preview:large, max-video-preview:-1\" \/>\n<link rel=\"canonical\" href=\"https:\/\/gspa.pt\/produto\/spring-break\/\" \/>\n<meta property=\"og:locale\" content=\"en_US\" \/>\n<meta property=\"og:type\" content=\"article\" \/>\n<meta property=\"og:title\" content=\"Spring Break - Gspa\" \/>\n<meta property=\"og:description\" content=\"Programa Spring Break Spa com facial Kobido e esfolia\u00e7\u00e3o corporal (70 min). Inclui 3h de circuito de spa. Experi\u00eancia revitalizante ou voucher oferta.\" \/>\n<meta property=\"og:url\" content=\"https:\/\/gspa.pt\/produto\/spring-break\/\" \/>\n<meta property=\"og:site_name\" content=\"Gspa\" \/>\n<meta property=\"article:modified_time\" content=\"2026-02-23T16:46:26+00:00\" \/>\n<meta property=\"og:image\" content=\"https:\/\/gspa.pt\/wp-content\/uploads\/2026\/02\/POP-UP-GSPA-MARCO.png\" \/>\n\t<meta property=\"og:image:width\" content=\"1024\" \/>\n\t<meta property=\"og:image:height\" content=\"1024\" \/>\n\t<meta property=\"og:image:type\" content=\"image\/png\" \/>\n<meta name=\"twitter:card\" content=\"summary_large_image\" \/>\n<meta name=\"twitter:label1\" content=\"Est. reading time\" \/>\n\t<meta name=\"twitter:data1\" content=\"1 minute\" \/>\n<script type=\"application\/ld+json\" class=\"yoast-schema-graph\">{\"@context\":\"https:\/\/schema.org\",\"@graph\":[{\"@type\":\"WebPage\",\"@id\":\"https:\/\/gspa.pt\/produto\/spring-break\/\",\"url\":\"https:\/\/gspa.pt\/produto\/spring-break\/\",\"name\":\"Spring Break - Gspa\",\"isPartOf\":{\"@id\":\"https:\/\/gspa.pt\/#website\"},\"primaryImageOfPage\":{\"@id\":\"https:\/\/gspa.pt\/produto\/spring-break\/#primaryimage\"},\"image\":{\"@id\":\"https:\/\/gspa.pt\/produto\/spring-break\/#primaryimage\"},\"thumbnailUrl\":\"https:\/\/gspa.pt\/wp-content\/uploads\/2026\/02\/POP-UP-GSPA-MARCO.png\",\"datePublished\":\"2026-02-23T16:26:34+00:00\",\"dateModified\":\"2026-02-23T16:46:26+00:00\",\"description\":\"Programa Spring Break Spa com facial Kobido e esfolia\u00e7\u00e3o corporal (70 min). Inclui 3h de circuito de spa. Experi\u00eancia revitalizante ou voucher oferta.\",\"breadcrumb\":{\"@id\":\"https:\/\/gspa.pt\/produto\/spring-break\/#breadcrumb\"},\"inLanguage\":\"en-US\",\"potentialAction\":[{\"@type\":\"ReadAction\",\"target\":[\"https:\/\/gspa.pt\/produto\/spring-break\/\"]}]},{\"@type\":\"ImageObject\",\"inLanguage\":\"en-US\",\"@id\":\"https:\/\/gspa.pt\/produto\/spring-break\/#primaryimage\",\"url\":\"https:\/\/gspa.pt\/wp-content\/uploads\/2026\/02\/POP-UP-GSPA-MARCO.png\",\"contentUrl\":\"https:\/\/gspa.pt\/wp-content\/uploads\/2026\/02\/POP-UP-GSPA-MARCO.png\",\"width\":1024,\"height\":1024,\"caption\":\"Programa Spring Break\"},{\"@type\":\"BreadcrumbList\",\"@id\":\"https:\/\/gspa.pt\/produto\/spring-break\/#breadcrumb\",\"itemListElement\":[{\"@type\":\"ListItem\",\"position\":1,\"name\":\"In\u00edcio\",\"item\":\"https:\/\/gspa.pt\/\"},{\"@type\":\"ListItem\",\"position\":2,\"name\":\"Treatments\",\"item\":\"https:\/\/gspa.pt\/tratamentos\/\"},{\"@type\":\"ListItem\",\"position\":3,\"name\":\"Spring Break\"}]},{\"@type\":\"WebSite\",\"@id\":\"https:\/\/gspa.pt\/#website\",\"url\":\"https:\/\/gspa.pt\/\",\"name\":\"Gspa\",\"description\":\"\",\"publisher\":{\"@id\":\"https:\/\/gspa.pt\/#organization\"},\"potentialAction\":[{\"@type\":\"SearchAction\",\"target\":{\"@type\":\"EntryPoint\",\"urlTemplate\":\"https:\/\/gspa.pt\/?s={search_term_string}\"},\"query-input\":{\"@type\":\"PropertyValueSpecification\",\"valueRequired\":true,\"valueName\":\"search_term_string\"}}],\"inLanguage\":\"en-US\"},{\"@type\":\"Organization\",\"@id\":\"https:\/\/gspa.pt\/#organization\",\"name\":\"Gspa\",\"url\":\"https:\/\/gspa.pt\/\",\"logo\":{\"@type\":\"ImageObject\",\"inLanguage\":\"en-US\",\"@id\":\"https:\/\/gspa.pt\/#\/schema\/logo\/image\/\",\"url\":\"https:\/\/gspa.pt\/wp-content\/uploads\/2024\/02\/Logo_white-1.png\",\"contentUrl\":\"https:\/\/gspa.pt\/wp-content\/uploads\/2024\/02\/Logo_white-1.png\",\"width\":206,\"height\":100,\"caption\":\"Gspa\"},\"image\":{\"@id\":\"https:\/\/gspa.pt\/#\/schema\/logo\/image\/\"}}]}<\/script>\n<!-- \/ Yoast SEO plugin. -->","yoast_head_json":{"title":"Spring Break - Gspa","description":"Programa Spring Break Spa com facial Kobido e esfolia\u00e7\u00e3o corporal (70 min). Inclui 3h de circuito de spa. Experi\u00eancia revitalizante ou voucher oferta.","robots":{"index":"index","follow":"follow","max-snippet":"max-snippet:-1","max-image-preview":"max-image-preview:large","max-video-preview":"max-video-preview:-1"},"canonical":"https:\/\/gspa.pt\/produto\/spring-break\/","og_locale":"en_US","og_type":"article","og_title":"Spring Break - Gspa","og_description":"Programa Spring Break Spa com facial Kobido e esfolia\u00e7\u00e3o corporal (70 min). Inclui 3h de circuito de spa. Experi\u00eancia revitalizante ou voucher oferta.","og_url":"https:\/\/gspa.pt\/produto\/spring-break\/","og_site_name":"Gspa","article_modified_time":"2026-02-23T16:46:26+00:00","og_image":[{"width":1024,"height":1024,"url":"https:\/\/gspa.pt\/wp-content\/uploads\/2026\/02\/POP-UP-GSPA-MARCO.png","type":"image\/png"}],"twitter_card":"summary_large_image","twitter_misc":{"Est. reading time":"1 minute"},"schema":{"@context":"https:\/\/schema.org","@graph":[{"@type":"WebPage","@id":"https:\/\/gspa.pt\/produto\/spring-break\/","url":"https:\/\/gspa.pt\/produto\/spring-break\/","name":"Spring Break - Gspa","isPartOf":{"@id":"https:\/\/gspa.pt\/#website"},"primaryImageOfPage":{"@id":"https:\/\/gspa.pt\/produto\/spring-break\/#primaryimage"},"image":{"@id":"https:\/\/gspa.pt\/produto\/spring-break\/#primaryimage"},"thumbnailUrl":"https:\/\/gspa.pt\/wp-content\/uploads\/2026\/02\/POP-UP-GSPA-MARCO.png","datePublished":"2026-02-23T16:26:34+00:00","dateModified":"2026-02-23T16:46:26+00:00","description":"Programa Spring Break Spa com facial Kobido e esfolia\u00e7\u00e3o corporal (70 min). Inclui 3h de circuito de spa. Experi\u00eancia revitalizante ou voucher oferta.","breadcrumb":{"@id":"https:\/\/gspa.pt\/produto\/spring-break\/#breadcrumb"},"inLanguage":"en-US","potentialAction":[{"@type":"ReadAction","target":["https:\/\/gspa.pt\/produto\/spring-break\/"]}]},{"@type":"ImageObject","inLanguage":"en-US","@id":"https:\/\/gspa.pt\/produto\/spring-break\/#primaryimage","url":"https:\/\/gspa.pt\/wp-content\/uploads\/2026\/02\/POP-UP-GSPA-MARCO.png","contentUrl":"https:\/\/gspa.pt\/wp-content\/uploads\/2026\/02\/POP-UP-GSPA-MARCO.png","width":1024,"height":1024,"caption":"Programa Spring Break"},{"@type":"BreadcrumbList","@id":"https:\/\/gspa.pt\/produto\/spring-break\/#breadcrumb","itemListElement":[{"@type":"ListItem","position":1,"name":"In\u00edcio","item":"https:\/\/gspa.pt\/"},{"@type":"ListItem","position":2,"name":"Treatments","item":"https:\/\/gspa.pt\/tratamentos\/"},{"@type":"ListItem","position":3,"name":"Spring Break"}]},{"@type":"WebSite","@id":"https:\/\/gspa.pt\/#website","url":"https:\/\/gspa.pt\/","name":"Gspa","description":"","publisher":{"@id":"https:\/\/gspa.pt\/#organization"},"potentialAction":[{"@type":"SearchAction","target":{"@type":"EntryPoint","urlTemplate":"https:\/\/gspa.pt\/?s={search_term_string}"},"query-input":{"@type":"PropertyValueSpecification","valueRequired":true,"valueName":"search_term_string"}}],"inLanguage":"en-US"},{"@type":"Organization","@id":"https:\/\/gspa.pt\/#organization","name":"Gspa","url":"https:\/\/gspa.pt\/","logo":{"@type":"ImageObject","inLanguage":"en-US","@id":"https:\/\/gspa.pt\/#\/schema\/logo\/image\/","url":"https:\/\/gspa.pt\/wp-content\/uploads\/2024\/02\/Logo_white-1.png","contentUrl":"https:\/\/gspa.pt\/wp-content\/uploads\/2024\/02\/Logo_white-1.png","width":206,"height":100,"caption":"Gspa"},"image":{"@id":"https:\/\/gspa.pt\/#\/schema\/logo\/image\/"}}]}},"_links":{"self":[{"href":"https:\/\/gspa.pt\/en\/wp-json\/wp\/v2\/product\/3509","targetHints":{"allow":["GET"]}}],"collection":[{"href":"https:\/\/gspa.pt\/en\/wp-json\/wp\/v2\/product"}],"about":[{"href":"https:\/\/gspa.pt\/en\/wp-json\/wp\/v2\/types\/product"}],"replies":[{"embeddable":true,"href":"https:\/\/gspa.pt\/en\/wp-json\/wp\/v2\/comments?post=3509"}],"wp:featuredmedia":[{"embeddable":true,"href":"https:\/\/gspa.pt\/en\/wp-json\/wp\/v2\/media\/3510"}],"wp:attachment":[{"href":"https:\/\/gspa.pt\/en\/wp-json\/wp\/v2\/media?parent=3509"}],"wp:term":[{"taxonomy":"product_brand","embeddable":true,"href":"https:\/\/gspa.pt\/en\/wp-json\/wp\/v2\/product_brand?post=3509"},{"taxonomy":"product_cat","embeddable":true,"href":"https:\/\/gspa.pt\/en\/wp-json\/wp\/v2\/product_cat?post=3509"},{"taxonomy":"product_tag","embeddable":true,"href":"https:\/\/gspa.pt\/en\/wp-json\/wp\/v2\/product_tag?post=3509"}],"curies":[{"name":"wp","href":"https:\/\/api.w.org\/{rel}","templated":true}]}}