{"id":3536,"date":"2026-04-06T14:08:26","date_gmt":"2026-04-06T14:08:26","guid":{"rendered":"https:\/\/gspa.pt\/?post_type=product&#038;p=3536"},"modified":"2026-04-10T10:40:06","modified_gmt":"2026-04-10T10:40:06","slug":"dia-mae","status":"publish","type":"product","link":"https:\/\/gspa.pt\/en\/produto\/dia-mae\/","title":{"rendered":"Dia da M\u00e3e"},"content":{"rendered":"","protected":false},"excerpt":{"rendered":"<p data-start=\"181\" data-end=\"442\">Celebre o Dia da M\u00e3e com um momento de verdadeiro relaxamento: Esfolia\u00e7\u00e3o Corporal e Massagem com velas, um ritual de 80min.<\/p>\n<p data-start=\"181\" data-end=\"442\">Acesso ao circuito thermofit de 2 horas &#8211; Piscina, Jacuzzi, Sauna e banho turco.<\/p>\n<p data-start=\"181\" data-end=\"442\">\n","protected":false},"featured_media":3541,"comment_status":"closed","ping_status":"closed","template":"","meta":{"inline_featured_image":false},"product_brand":[],"product_cat":[93],"product_tag":[],"class_list":{"0":"post-3536","1":"product","2":"type-product","3":"status-publish","4":"has-post-thumbnail","6":"product_cat-promocoes","8":"first","9":"instock","10":"downloadable","11":"virtual","12":"purchasable","13":"product-type-simple"},"acf":[],"yoast_head":"<!-- This site is optimized with the Yoast SEO plugin v26.4 - https:\/\/yoast.com\/wordpress\/plugins\/seo\/ -->\n<title>Dia da M\u00e3e - Gspa<\/title>\n<meta name=\"description\" content=\"Celebre o Dia da M\u00e3e\" \/>\n<meta name=\"robots\" content=\"index, follow, max-snippet:-1, max-image-preview:large, max-video-preview:-1\" \/>\n<link rel=\"canonical\" href=\"https:\/\/gspa.pt\/produto\/dia-mae\/\" \/>\n<meta property=\"og:locale\" content=\"en_US\" \/>\n<meta property=\"og:type\" content=\"article\" \/>\n<meta property=\"og:title\" content=\"Dia da M\u00e3e - Gspa\" \/>\n<meta property=\"og:description\" content=\"Celebre o Dia da M\u00e3e\" \/>\n<meta property=\"og:url\" content=\"https:\/\/gspa.pt\/produto\/dia-mae\/\" \/>\n<meta property=\"og:site_name\" content=\"Gspa\" \/>\n<meta property=\"article:modified_time\" content=\"2026-04-10T10:40:06+00:00\" \/>\n<meta property=\"og:image\" content=\"https:\/\/gspa.pt\/wp-content\/uploads\/2026\/04\/WhatsApp-Image-2026-03-31-at-15.36.15.jpeg\" \/>\n\t<meta property=\"og:image:width\" content=\"1024\" \/>\n\t<meta property=\"og:image:height\" content=\"1024\" \/>\n\t<meta property=\"og:image:type\" content=\"image\/jpeg\" \/>\n<meta name=\"twitter:card\" content=\"summary_large_image\" \/>\n<meta name=\"twitter:label1\" content=\"Est. reading time\" \/>\n\t<meta name=\"twitter:data1\" content=\"1 minute\" \/>\n<script type=\"application\/ld+json\" class=\"yoast-schema-graph\">{\"@context\":\"https:\/\/schema.org\",\"@graph\":[{\"@type\":\"WebPage\",\"@id\":\"https:\/\/gspa.pt\/produto\/dia-mae\/\",\"url\":\"https:\/\/gspa.pt\/produto\/dia-mae\/\",\"name\":\"Dia da M\u00e3e - Gspa\",\"isPartOf\":{\"@id\":\"https:\/\/gspa.pt\/#website\"},\"primaryImageOfPage\":{\"@id\":\"https:\/\/gspa.pt\/produto\/dia-mae\/#primaryimage\"},\"image\":{\"@id\":\"https:\/\/gspa.pt\/produto\/dia-mae\/#primaryimage\"},\"thumbnailUrl\":\"https:\/\/gspa.pt\/wp-content\/uploads\/2026\/04\/WhatsApp-Image-2026-03-31-at-15.36.15.jpeg\",\"datePublished\":\"2026-04-06T14:08:26+00:00\",\"dateModified\":\"2026-04-10T10:40:06+00:00\",\"description\":\"Celebre o Dia da M\u00e3e\",\"breadcrumb\":{\"@id\":\"https:\/\/gspa.pt\/produto\/dia-mae\/#breadcrumb\"},\"inLanguage\":\"en-US\",\"potentialAction\":[{\"@type\":\"ReadAction\",\"target\":[\"https:\/\/gspa.pt\/produto\/dia-mae\/\"]}]},{\"@type\":\"ImageObject\",\"inLanguage\":\"en-US\",\"@id\":\"https:\/\/gspa.pt\/produto\/dia-mae\/#primaryimage\",\"url\":\"https:\/\/gspa.pt\/wp-content\/uploads\/2026\/04\/WhatsApp-Image-2026-03-31-at-15.36.15.jpeg\",\"contentUrl\":\"https:\/\/gspa.pt\/wp-content\/uploads\/2026\/04\/WhatsApp-Image-2026-03-31-at-15.36.15.jpeg\",\"width\":1024,\"height\":1024,\"caption\":\"DIA DA MAE ESFOLIACAO CORPORAL E MASSAGEM COM VELAS 80MIN\"},{\"@type\":\"BreadcrumbList\",\"@id\":\"https:\/\/gspa.pt\/produto\/dia-mae\/#breadcrumb\",\"itemListElement\":[{\"@type\":\"ListItem\",\"position\":1,\"name\":\"In\u00edcio\",\"item\":\"https:\/\/gspa.pt\/\"},{\"@type\":\"ListItem\",\"position\":2,\"name\":\"Treatments\",\"item\":\"https:\/\/gspa.pt\/tratamentos\/\"},{\"@type\":\"ListItem\",\"position\":3,\"name\":\"Dia da M\u00e3e\"}]},{\"@type\":\"WebSite\",\"@id\":\"https:\/\/gspa.pt\/#website\",\"url\":\"https:\/\/gspa.pt\/\",\"name\":\"Gspa\",\"description\":\"\",\"publisher\":{\"@id\":\"https:\/\/gspa.pt\/#organization\"},\"potentialAction\":[{\"@type\":\"SearchAction\",\"target\":{\"@type\":\"EntryPoint\",\"urlTemplate\":\"https:\/\/gspa.pt\/?s={search_term_string}\"},\"query-input\":{\"@type\":\"PropertyValueSpecification\",\"valueRequired\":true,\"valueName\":\"search_term_string\"}}],\"inLanguage\":\"en-US\"},{\"@type\":\"Organization\",\"@id\":\"https:\/\/gspa.pt\/#organization\",\"name\":\"Gspa\",\"url\":\"https:\/\/gspa.pt\/\",\"logo\":{\"@type\":\"ImageObject\",\"inLanguage\":\"en-US\",\"@id\":\"https:\/\/gspa.pt\/#\/schema\/logo\/image\/\",\"url\":\"https:\/\/gspa.pt\/wp-content\/uploads\/2024\/02\/Logo_white-1.png\",\"contentUrl\":\"https:\/\/gspa.pt\/wp-content\/uploads\/2024\/02\/Logo_white-1.png\",\"width\":206,\"height\":100,\"caption\":\"Gspa\"},\"image\":{\"@id\":\"https:\/\/gspa.pt\/#\/schema\/logo\/image\/\"}}]}<\/script>\n<!-- \/ Yoast SEO plugin. -->","yoast_head_json":{"title":"Dia da M\u00e3e - Gspa","description":"Celebre o Dia da M\u00e3e","robots":{"index":"index","follow":"follow","max-snippet":"max-snippet:-1","max-image-preview":"max-image-preview:large","max-video-preview":"max-video-preview:-1"},"canonical":"https:\/\/gspa.pt\/produto\/dia-mae\/","og_locale":"en_US","og_type":"article","og_title":"Dia da M\u00e3e - Gspa","og_description":"Celebre o Dia da M\u00e3e","og_url":"https:\/\/gspa.pt\/produto\/dia-mae\/","og_site_name":"Gspa","article_modified_time":"2026-04-10T10:40:06+00:00","og_image":[{"width":1024,"height":1024,"url":"https:\/\/gspa.pt\/wp-content\/uploads\/2026\/04\/WhatsApp-Image-2026-03-31-at-15.36.15.jpeg","type":"image\/jpeg"}],"twitter_card":"summary_large_image","twitter_misc":{"Est. reading time":"1 minute"},"schema":{"@context":"https:\/\/schema.org","@graph":[{"@type":"WebPage","@id":"https:\/\/gspa.pt\/produto\/dia-mae\/","url":"https:\/\/gspa.pt\/produto\/dia-mae\/","name":"Dia da M\u00e3e - Gspa","isPartOf":{"@id":"https:\/\/gspa.pt\/#website"},"primaryImageOfPage":{"@id":"https:\/\/gspa.pt\/produto\/dia-mae\/#primaryimage"},"image":{"@id":"https:\/\/gspa.pt\/produto\/dia-mae\/#primaryimage"},"thumbnailUrl":"https:\/\/gspa.pt\/wp-content\/uploads\/2026\/04\/WhatsApp-Image-2026-03-31-at-15.36.15.jpeg","datePublished":"2026-04-06T14:08:26+00:00","dateModified":"2026-04-10T10:40:06+00:00","description":"Celebre o Dia da M\u00e3e","breadcrumb":{"@id":"https:\/\/gspa.pt\/produto\/dia-mae\/#breadcrumb"},"inLanguage":"en-US","potentialAction":[{"@type":"ReadAction","target":["https:\/\/gspa.pt\/produto\/dia-mae\/"]}]},{"@type":"ImageObject","inLanguage":"en-US","@id":"https:\/\/gspa.pt\/produto\/dia-mae\/#primaryimage","url":"https:\/\/gspa.pt\/wp-content\/uploads\/2026\/04\/WhatsApp-Image-2026-03-31-at-15.36.15.jpeg","contentUrl":"https:\/\/gspa.pt\/wp-content\/uploads\/2026\/04\/WhatsApp-Image-2026-03-31-at-15.36.15.jpeg","width":1024,"height":1024,"caption":"DIA DA MAE ESFOLIACAO CORPORAL E MASSAGEM COM VELAS 80MIN"},{"@type":"BreadcrumbList","@id":"https:\/\/gspa.pt\/produto\/dia-mae\/#breadcrumb","itemListElement":[{"@type":"ListItem","position":1,"name":"In\u00edcio","item":"https:\/\/gspa.pt\/"},{"@type":"ListItem","position":2,"name":"Treatments","item":"https:\/\/gspa.pt\/tratamentos\/"},{"@type":"ListItem","position":3,"name":"Dia da M\u00e3e"}]},{"@type":"WebSite","@id":"https:\/\/gspa.pt\/#website","url":"https:\/\/gspa.pt\/","name":"Gspa","description":"","publisher":{"@id":"https:\/\/gspa.pt\/#organization"},"potentialAction":[{"@type":"SearchAction","target":{"@type":"EntryPoint","urlTemplate":"https:\/\/gspa.pt\/?s={search_term_string}"},"query-input":{"@type":"PropertyValueSpecification","valueRequired":true,"valueName":"search_term_string"}}],"inLanguage":"en-US"},{"@type":"Organization","@id":"https:\/\/gspa.pt\/#organization","name":"Gspa","url":"https:\/\/gspa.pt\/","logo":{"@type":"ImageObject","inLanguage":"en-US","@id":"https:\/\/gspa.pt\/#\/schema\/logo\/image\/","url":"https:\/\/gspa.pt\/wp-content\/uploads\/2024\/02\/Logo_white-1.png","contentUrl":"https:\/\/gspa.pt\/wp-content\/uploads\/2024\/02\/Logo_white-1.png","width":206,"height":100,"caption":"Gspa"},"image":{"@id":"https:\/\/gspa.pt\/#\/schema\/logo\/image\/"}}]}},"_links":{"self":[{"href":"https:\/\/gspa.pt\/en\/wp-json\/wp\/v2\/product\/3536","targetHints":{"allow":["GET"]}}],"collection":[{"href":"https:\/\/gspa.pt\/en\/wp-json\/wp\/v2\/product"}],"about":[{"href":"https:\/\/gspa.pt\/en\/wp-json\/wp\/v2\/types\/product"}],"replies":[{"embeddable":true,"href":"https:\/\/gspa.pt\/en\/wp-json\/wp\/v2\/comments?post=3536"}],"wp:featuredmedia":[{"embeddable":true,"href":"https:\/\/gspa.pt\/en\/wp-json\/wp\/v2\/media\/3541"}],"wp:attachment":[{"href":"https:\/\/gspa.pt\/en\/wp-json\/wp\/v2\/media?parent=3536"}],"wp:term":[{"taxonomy":"product_brand","embeddable":true,"href":"https:\/\/gspa.pt\/en\/wp-json\/wp\/v2\/product_brand?post=3536"},{"taxonomy":"product_cat","embeddable":true,"href":"https:\/\/gspa.pt\/en\/wp-json\/wp\/v2\/product_cat?post=3536"},{"taxonomy":"product_tag","embeddable":true,"href":"https:\/\/gspa.pt\/en\/wp-json\/wp\/v2\/product_tag?post=3536"}],"curies":[{"name":"wp","href":"https:\/\/api.w.org\/{rel}","templated":true}]}}